{"id":1102,"date":"2020-12-02T20:06:01","date_gmt":"2020-12-02T19:06:01","guid":{"rendered":"http:\/\/www.dysaut.sk\/?page_id=1102"},"modified":"2021-03-24T15:07:43","modified_gmt":"2021-03-24T14:07:43","slug":"metoda-snoezelen","status":"publish","type":"page","link":"http:\/\/www.dysaut.sk\/index.php\/sluzby\/metoda-snoezelen\/","title":{"rendered":"Met\u00f3da snoezelen"},"content":{"rendered":"<p>[vc_row][vc_column width=&#8220;1\/2&#8243;][vc_empty_space hide_on_mobile=&#8220;&#8220;][vc_column_text]<\/p>\n<p>Snoezelen je terapeutick\u00fd pr\u00edstup, kedy odborn\u00fd pracovn\u00edk v\u00a0multisenzorickom prostred\u00ed stimuluje, upokojuje a\u00a0rozv\u00edja zmysly prostredn\u00edctvom regulovania podnetov.<\/p>\n<p>V\u00a0\u0161peci\u00e1lne upravenej miestnosti p\u00f4sobia na zmysly die\u0165a\u0165a podnety, ako s\u00fa svetl\u00e1, hudba, pr\u00edjemn\u00e9 v\u00f4ne, r\u00f4zne povrchy at\u010f., ktor\u00e9 stimuluj\u00fa a\u00a0rozv\u00edjaj\u00fa \u010duch, zrak, sluch, hmat, chu\u0165, vestibul\u00e1rny syst\u00e9m, propriocepciu at\u010f. V\u00a0multisenzorickom prostred\u00ed m\u00f4\u017eeme p\u00f4soben\u00edm podnetov dosiahnu\u0165 relax\u00e1ciu a\u00a0upokojenie.<\/p>\n<p>Snoezelen je bezpe\u010dn\u00e9 prostredie a\u00a0prin\u00e1\u0161a pozit\u00edvne z\u00e1\u017eitky.<\/p>\n<p><em>Pre koho je snoezelen ur\u010den\u00fd:<\/em><\/p>\n<ul>\n<li>pre deti s poruchami autistick\u00e9ho spektra (rozvoj interakcie, komunika\u010dn\u00fdch a\u00a0soci\u00e1lnych zru\u010dnost\u00ed, zni\u017eovanie stresu, nap\u00e4tia a\u00a0agresivity)<\/li>\n<li>pre deti s ment\u00e1lnym a\u00a0viacn\u00e1sobn\u00fdm postihnut\u00edm (za\u017e\u00edvanie interakcie s\u00a0prostred\u00edm a\u00a0jeho kontrola, mo\u017enos\u0165 podnetn\u00e9ho a\u00a0zmyslupln\u00e9ho tr\u00e1venia vo\u013en\u00e9ho \u010dasu)<\/li>\n<li>pre deti so zmyslov\u00fdm postihnut\u00edm (stimul\u00e1cia zraku, sluchu at\u010f. pomocou \u0161peci\u00e1lnych pom\u00f4cok)<\/li>\n<li>pre deti s poruchami aktivity a\u00a0pozornosti (upokojenie, lep\u0161ia koncentr\u00e1cia v\u00a0\u0161kole)<\/li>\n<li>pre intaktn\u00fa popul\u00e1ciu (poskytuje pocit relax\u00e1cie, upokojenia, nov\u00fdch z\u00e1\u017eitkov)<\/li>\n<\/ul>\n<p>[\/vc_column_text][\/vc_column][vc_column width=&#8220;1\/2&#8243;][\/vc_column][\/vc_row]<\/p>\n","protected":false},"excerpt":{"rendered":"<p>[vc_row][vc_column width=&#8220;1\/2&#8243;][vc_empty_space hide_on_mobile=&#8220;&#8220;][vc_column_text] Snoezelen je terapeutick\u00fd pr\u00edstup, kedy odborn\u00fd pracovn\u00edk v\u00a0multisenzorickom prostred\u00ed stimuluje, upokojuje a\u00a0rozv\u00edja zmysly prostredn\u00edctvom regulovania podnetov. V\u00a0\u0161peci\u00e1lne upravenej miestnosti p\u00f4sobia na zmysly die\u0165a\u0165a podnety, ako s\u00fa svetl\u00e1, hudba, pr\u00edjemn\u00e9 v\u00f4ne, r\u00f4zne povrchy at\u010f., ktor\u00e9 stimuluj\u00fa a\u00a0rozv\u00edjaj\u00fa \u010duch, zrak, sluch, hmat, chu\u0165, vestibul\u00e1rny syst\u00e9m, propriocepciu at\u010f. V\u00a0multisenzorickom prostred\u00ed m\u00f4\u017eeme p\u00f4soben\u00edm podnetov dosiahnu\u0165 relax\u00e1ciu a\u00a0upokojenie. Snoezelen je bezpe\u010dn\u00e9 prostredie a\u00a0prin\u00e1\u0161a pozit\u00edvne z\u00e1\u017eitky. Pre koho je snoezelen ur\u010den\u00fd: pre deti s poruchami autistick\u00e9ho spektra (rozvoj interakcie, komunika\u010dn\u00fdch a\u00a0soci\u00e1lnych zru\u010dnost\u00ed, zni\u017eovanie stresu, nap\u00e4tia a\u00a0agresivity)&hellip;<\/p>\n","protected":false},"author":1,"featured_media":0,"parent":32,"menu_order":0,"comment_status":"closed","ping_status":"closed","template":"","meta":[],"_links":{"self":[{"href":"http:\/\/www.dysaut.sk\/index.php\/wp-json\/wp\/v2\/pages\/1102"}],"collection":[{"href":"http:\/\/www.dysaut.sk\/index.php\/wp-json\/wp\/v2\/pages"}],"about":[{"href":"http:\/\/www.dysaut.sk\/index.php\/wp-json\/wp\/v2\/types\/page"}],"author":[{"embeddable":true,"href":"http:\/\/www.dysaut.sk\/index.php\/wp-json\/wp\/v2\/users\/1"}],"replies":[{"embeddable":true,"href":"http:\/\/www.dysaut.sk\/index.php\/wp-json\/wp\/v2\/comments?post=1102"}],"version-history":[{"count":8,"href":"http:\/\/www.dysaut.sk\/index.php\/wp-json\/wp\/v2\/pages\/1102\/revisions"}],"predecessor-version":[{"id":1381,"href":"http:\/\/www.dysaut.sk\/index.php\/wp-json\/wp\/v2\/pages\/1102\/revisions\/1381"}],"up":[{"embeddable":true,"href":"http:\/\/www.dysaut.sk\/index.php\/wp-json\/wp\/v2\/pages\/32"}],"wp:attachment":[{"href":"http:\/\/www.dysaut.sk\/index.php\/wp-json\/wp\/v2\/media?parent=1102"}],"curies":[{"name":"wp","href":"https:\/\/api.w.org\/{rel}","templated":true}]}}