{"id":1199,"date":"2021-01-17T19:55:17","date_gmt":"2021-01-17T18:55:17","guid":{"rendered":"http:\/\/www.dysaut.sk\/?page_id=1199"},"modified":"2021-03-26T10:42:57","modified_gmt":"2021-03-26T09:42:57","slug":"komplexna-predskolska-priprava","status":"publish","type":"page","link":"http:\/\/www.dysaut.sk\/index.php\/sluzby\/komplexna-predskolska-priprava\/","title":{"rendered":"Komplexn\u00e1 pred\u0161kolsk\u00e1 pr\u00edprava"},"content":{"rendered":"<p>[vc_row full_width=&#8220;stretch_row&#8220; full_height=&#8220;yes&#8220; content_placement=&#8220;middle&#8220; css=&#8220;.vc_custom_1614445608243{background-image: url(http:\/\/www.dysaut.sk\/wp-content\/uploads\/2021\/02\/komplexna-preds\u030ckolska-priprava-scaled.jpg?id=1258) !important;background-position: center !important;background-repeat: no-repeat !important;background-size: cover !important;}&#8220;][vc_column width=&#8220;1\/2&#8243;][\/vc_column][vc_column width=&#8220;1\/2&#8243; el_class=&#8220;transparent_page_background&#8220;][vc_empty_space hide_on_mobile=&#8220;&#8220;][vc_column_text]Povinn\u00e1 \u0161kolsk\u00e1 doch\u00e1dzka predstavuje pre die\u0165a a jeho rodi\u010dov v\u00fdznamn\u00fa \u017eivotn\u00fa zmenu. Aby die\u0165a t\u00fato zmenu \u00faspe\u0161ne zvl\u00e1dlo, malo by by\u0165 na \u0148u dobre pripraven\u00e9. V\u00a0porovnan\u00ed s\u00a0predch\u00e1dzaj\u00facim obdob\u00edm \u017eivota mus\u00ed die\u0165a zvl\u00e1dnu\u0165 viacer\u00e9 nov\u00e9 v\u00fdzvy a \u00falohy. Pre zvl\u00e1dnutie \u010d\u00edtania je d\u00f4le\u017eit\u00e1 zrelos\u0165 zrakovej diferenci\u00e1cie, pre zvl\u00e1dnutie p\u00edsania zas sluchov\u00e1 anal\u00fdza a\u00a0grafomotorika, pre zvl\u00e1dnutie matematiky priestorov\u00e9 videnie a\u00a0predstavivos\u0165. Nedostato\u010dn\u00e1 pr\u00edprava die\u0165a\u0165a na \u0161kolu m\u00f4\u017ee vies\u0165 nielen k\u00a0jeho slab\u00fdm v\u00fdsledkom \u010di neprospievaniu, ale aj neurotick\u00fdm prejavom a poruch\u00e1m spr\u00e1vania. Vhodnou stimul\u00e1ciou die\u0165a\u0165a m\u00f4\u017eeme predch\u00e1dza\u0165 poruch\u00e1m u\u010denia, pozornosti a\u00a0spr\u00e1vania.<\/p>\n<p>V\u00a0centre DYSAUT pracujeme s\u00a0die\u0165a\u0165om v\u00a0podnetnom\u00a0 <a href=\"http:\/\/www.dysaut.sk\/index.php\/sluzby\/metoda-snoezelen\/\">snoezelen<\/a> \u00a0prostred\u00ed s pomocou hier a so \u0161peci\u00e1lnymi\u00a0 pom\u00f4ckami tak, aby sa die\u0165a z\u00e1bavnou formou neust\u00e1le rozv\u00edjalo. S die\u0165a\u0165om pracujeme individu\u00e1lne a zameriavame sa priamo na oblasti, ktor\u00e9 je potrebn\u00e9 rozv\u00edja\u0165. Pre rozvoj a stimul\u00e1ciu schopnost\u00ed die\u0165a\u0165a je tie\u017e ve\u013emi n\u00e1pomocn\u00e1 <a href=\"http:\/\/www.dysaut.sk\/index.php\/sluzby\/sindelar-metoda\/\">met\u00f3da Sindelar<\/a>.[\/vc_column_text][\/vc_column][\/vc_row]<\/p>\n","protected":false},"excerpt":{"rendered":"<p>[vc_row full_width=&#8220;stretch_row&#8220; full_height=&#8220;yes&#8220; content_placement=&#8220;middle&#8220; css=&#8220;.vc_custom_1614445608243{background-image: url(http:\/\/www.dysaut.sk\/wp-content\/uploads\/2021\/02\/komplexna-preds\u030ckolska-priprava-scaled.jpg?id=1258) !important;background-position: center !important;background-repeat: no-repeat !important;background-size: cover !important;}&#8220;][vc_column width=&#8220;1\/2&#8243;][\/vc_column][vc_column width=&#8220;1\/2&#8243; el_class=&#8220;transparent_page_background&#8220;][vc_empty_space hide_on_mobile=&#8220;&#8220;][vc_column_text]Povinn\u00e1 \u0161kolsk\u00e1 doch\u00e1dzka predstavuje pre die\u0165a a jeho rodi\u010dov v\u00fdznamn\u00fa \u017eivotn\u00fa zmenu. Aby die\u0165a t\u00fato zmenu \u00faspe\u0161ne zvl\u00e1dlo, malo by by\u0165 na \u0148u dobre pripraven\u00e9. V\u00a0porovnan\u00ed s\u00a0predch\u00e1dzaj\u00facim obdob\u00edm \u017eivota mus\u00ed die\u0165a zvl\u00e1dnu\u0165 viacer\u00e9 nov\u00e9 v\u00fdzvy a \u00falohy. Pre zvl\u00e1dnutie \u010d\u00edtania je d\u00f4le\u017eit\u00e1 zrelos\u0165 zrakovej diferenci\u00e1cie, pre zvl\u00e1dnutie p\u00edsania zas sluchov\u00e1 anal\u00fdza a\u00a0grafomotorika, pre zvl\u00e1dnutie matematiky priestorov\u00e9 videnie a\u00a0predstavivos\u0165. Nedostato\u010dn\u00e1 pr\u00edprava die\u0165a\u0165a na \u0161kolu m\u00f4\u017ee vies\u0165 nielen k\u00a0jeho&hellip;<\/p>\n","protected":false},"author":1,"featured_media":0,"parent":32,"menu_order":0,"comment_status":"closed","ping_status":"closed","template":"","meta":[],"_links":{"self":[{"href":"http:\/\/www.dysaut.sk\/index.php\/wp-json\/wp\/v2\/pages\/1199"}],"collection":[{"href":"http:\/\/www.dysaut.sk\/index.php\/wp-json\/wp\/v2\/pages"}],"about":[{"href":"http:\/\/www.dysaut.sk\/index.php\/wp-json\/wp\/v2\/types\/page"}],"author":[{"embeddable":true,"href":"http:\/\/www.dysaut.sk\/index.php\/wp-json\/wp\/v2\/users\/1"}],"replies":[{"embeddable":true,"href":"http:\/\/www.dysaut.sk\/index.php\/wp-json\/wp\/v2\/comments?post=1199"}],"version-history":[{"count":19,"href":"http:\/\/www.dysaut.sk\/index.php\/wp-json\/wp\/v2\/pages\/1199\/revisions"}],"predecessor-version":[{"id":1401,"href":"http:\/\/www.dysaut.sk\/index.php\/wp-json\/wp\/v2\/pages\/1199\/revisions\/1401"}],"up":[{"embeddable":true,"href":"http:\/\/www.dysaut.sk\/index.php\/wp-json\/wp\/v2\/pages\/32"}],"wp:attachment":[{"href":"http:\/\/www.dysaut.sk\/index.php\/wp-json\/wp\/v2\/media?parent=1199"}],"curies":[{"name":"wp","href":"https:\/\/api.w.org\/{rel}","templated":true}]}}