{"id":1207,"date":"2021-01-17T19:58:24","date_gmt":"2021-01-17T18:58:24","guid":{"rendered":"http:\/\/www.dysaut.sk\/?page_id=1207"},"modified":"2021-03-24T13:21:10","modified_gmt":"2021-03-24T12:21:10","slug":"sandplaying","status":"publish","type":"page","link":"http:\/\/www.dysaut.sk\/index.php\/sluzby\/sandplaying\/","title":{"rendered":"Sandplaying"},"content":{"rendered":"<p>[vc_row][vc_column width=&#8220;1\/3&#8243;][\/vc_column][vc_column width=&#8220;1\/3&#8243;][vc_column_text]Sandplaying, vyu\u017eitie hern\u00e9ho pieskoviska, predstavuje mo\u017enos\u0165 stretnutia s\u00a0die\u0165a\u0165om u\u00a0pieskoviska ( n\u00e1doba s\u00a0pieskom), kde okrem piesku m\u00e1me k\u00a0dispoz\u00edci\u00ed drobn\u00e9 objekty r\u00f4zneho druhu a vodu.<\/p>\n<p>Ako prv\u00e1 za\u010diatkom 20. storo\u010dia \u201eprostredie s\u00a0pieskom\u201c za\u010dala pou\u017e\u00edva\u0165 v\u00a0Lond\u00fdne\u00a0 pediatri\u010dka Margaret Lowenfeld, ktor\u00e1 pracovala s\u00a0problematick\u00fdmi de\u0165mi. Toto prostredie pop\u00edsala ako World Technique, ktor\u00e9ho podstatou bolo piesok, voda a\u00a0miniat\u00fary, fig\u00farky.<\/p>\n<p>Hern\u00e9 pieskovisko predstavuje jednu z\u00a0mo\u017enost\u00ed ako nadviaza\u0165 kontakt s\u00a0die\u0165a\u0165om, jeho vn\u00fatorn\u00fdm svetom, lep\u0161ie sa na neho naladi\u0165 a\u00a0pribl\u00ed\u017ei\u0165 sa mu tak, aby sme spolo\u010dne mohli pochopi\u0165 a\u00a0pre\u017ei\u0165 to, ako sa die\u0165a c\u00edti, \u010do pre\u017e\u00edva, ak\u00e9 s\u00fa jeho my\u0161lienky, vz\u0165ah\u00a0 k\u00a0svetu, druh\u00fdm \u013eu\u010fom, k\u00a0sebe. Je to jedna z\u00a0mnoh\u00fdch kreat\u00edvnych mo\u017enost\u00ed ako pracova\u0165 s\u00a0die\u0165a\u0165om pomocou hry.[\/vc_column_text][\/vc_column][vc_column width=&#8220;1\/3&#8243;][\/vc_column][\/vc_row]<\/p>\n","protected":false},"excerpt":{"rendered":"<p>[vc_row][vc_column width=&#8220;1\/3&#8243;][\/vc_column][vc_column width=&#8220;1\/3&#8243;][vc_column_text]Sandplaying, vyu\u017eitie hern\u00e9ho pieskoviska, predstavuje mo\u017enos\u0165 stretnutia s\u00a0die\u0165a\u0165om u\u00a0pieskoviska ( n\u00e1doba s\u00a0pieskom), kde okrem piesku m\u00e1me k\u00a0dispoz\u00edci\u00ed drobn\u00e9 objekty r\u00f4zneho druhu a vodu. Ako prv\u00e1 za\u010diatkom 20. storo\u010dia \u201eprostredie s\u00a0pieskom\u201c za\u010dala pou\u017e\u00edva\u0165 v\u00a0Lond\u00fdne\u00a0 pediatri\u010dka Margaret Lowenfeld, ktor\u00e1 pracovala s\u00a0problematick\u00fdmi de\u0165mi. Toto prostredie pop\u00edsala ako World Technique, ktor\u00e9ho podstatou bolo piesok, voda a\u00a0miniat\u00fary, fig\u00farky. Hern\u00e9 pieskovisko predstavuje jednu z\u00a0mo\u017enost\u00ed ako nadviaza\u0165 kontakt s\u00a0die\u0165a\u0165om, jeho vn\u00fatorn\u00fdm svetom, lep\u0161ie sa na neho naladi\u0165 a\u00a0pribl\u00ed\u017ei\u0165 sa mu tak, aby sme spolo\u010dne mohli pochopi\u0165 a\u00a0pre\u017ei\u0165 to,&hellip;<\/p>\n","protected":false},"author":1,"featured_media":0,"parent":32,"menu_order":0,"comment_status":"closed","ping_status":"closed","template":"","meta":[],"_links":{"self":[{"href":"http:\/\/www.dysaut.sk\/index.php\/wp-json\/wp\/v2\/pages\/1207"}],"collection":[{"href":"http:\/\/www.dysaut.sk\/index.php\/wp-json\/wp\/v2\/pages"}],"about":[{"href":"http:\/\/www.dysaut.sk\/index.php\/wp-json\/wp\/v2\/types\/page"}],"author":[{"embeddable":true,"href":"http:\/\/www.dysaut.sk\/index.php\/wp-json\/wp\/v2\/users\/1"}],"replies":[{"embeddable":true,"href":"http:\/\/www.dysaut.sk\/index.php\/wp-json\/wp\/v2\/comments?post=1207"}],"version-history":[{"count":4,"href":"http:\/\/www.dysaut.sk\/index.php\/wp-json\/wp\/v2\/pages\/1207\/revisions"}],"predecessor-version":[{"id":1378,"href":"http:\/\/www.dysaut.sk\/index.php\/wp-json\/wp\/v2\/pages\/1207\/revisions\/1378"}],"up":[{"embeddable":true,"href":"http:\/\/www.dysaut.sk\/index.php\/wp-json\/wp\/v2\/pages\/32"}],"wp:attachment":[{"href":"http:\/\/www.dysaut.sk\/index.php\/wp-json\/wp\/v2\/media?parent=1207"}],"curies":[{"name":"wp","href":"https:\/\/api.w.org\/{rel}","templated":true}]}}