{"id":1209,"date":"2021-01-17T19:59:10","date_gmt":"2021-01-17T18:59:10","guid":{"rendered":"http:\/\/www.dysaut.sk\/?page_id=1209"},"modified":"2021-03-14T19:52:15","modified_gmt":"2021-03-14T18:52:15","slug":"sindelar-metoda","status":"publish","type":"page","link":"http:\/\/www.dysaut.sk\/index.php\/sluzby\/sindelar-metoda\/","title":{"rendered":"Met\u00f3da Sindelar"},"content":{"rendered":"<p>[vc_row][vc_column][\/vc_column][\/vc_row][vc_row][vc_column][vc_column_text]Metodiku Sindelar vyvinula rak\u00faska klinick\u00e1 psychologi\u010dka a\u00a0psychoterapeutka\u00a0 Dr. Brigitte Sindelar.\u00a0Je ur\u010den\u00e1 na zachytenie a\u00a0n\u00e1pravu \u010diastkov\u00fdch v\u00fdvinov\u00fdch deficitov v\u00a0spracov\u00e1van\u00ed inform\u00e1ci\u00ed.<\/p>\n<p>Diagnostikou Sindelar sa zist\u00ed \u00farove\u0148 rozvoja jednotliv\u00fdch \u010diastkov\u00fdch funkci\u00ed. Na z\u00e1klade odch\u00fdlok vo v\u00fdvine zostav\u00edme individu\u00e1lny tr\u00e9ningov\u00fd pl\u00e1n. Stimul\u00e1ciou z\u00e1kladn\u00fdch funkci\u00ed vn\u00edmania a\u00a0spracov\u00e1vania inform\u00e1ci\u00ed jednotliv\u00fdch zmyslov\u00fdch oblast\u00ed ( zrakov\u00e1 a\u00a0sluchov\u00e1 pam\u00e4\u0165 a\u00a0rozli\u0161ovanie, zrakov\u00e1,\u00a0sluchov\u00e1 a\u00a0dotykov\u00e1 pozornos\u0165, vn\u00edmanie telesnej sch\u00e9my a\u00a0orient\u00e1cia v\u00a0priestore, prep\u00e1janie zrakov\u00fdch a\u00a0sluchov\u00fdch vnemov, dodr\u017eanie poradia a\u00a0\u010dasovej n\u00e1slednosti ) dok\u00e1\u017eeme prispie\u0165 k\u00a0spr\u00e1vnemu rozvoju re\u010di, pozornosti, jemnej a hrubej motoriky, pam\u00e4te, schopnosti pl\u00e1nova\u0165. Ak s\u00fa tieto funkcie u\u00a0die\u0165a\u0165a spr\u00e1vne vyzret\u00e9, dok\u00e1\u017ee sa bez probl\u00e9mov nau\u010di\u0165 \u010d\u00edta\u0165, p\u00edsa\u0165, po\u010d\u00edta\u0165 a\u00a0bude v\u00a0\u0161kole aj v\u00a0\u017eivote bez zbyto\u010dn\u00fdch stresov, spokojn\u00e9.<\/p>\n<p><strong>Vhodnou stimul\u00e1ciou mo\u017eno predch\u00e1dza\u0165 poruch\u00e1m u\u010denia, pozornosti a\u00a0spr\u00e1vania.<\/strong><\/p>\n<p>Tr\u00e9ningov\u00e9 aktivity je mo\u017en\u00e9 pou\u017ei\u0165 pre deti u\u017e od 3,5 roka veku prevent\u00edvne na stimul\u00e1ciu a\u00a0rozvoj schopnost\u00ed die\u0165a\u0165a a\u00a0samozrejme cielene pre deti, ktor\u00e9 pre\u0161li odbornou diagnostikou so stanoven\u00edm oslaben\u00fdch oblast\u00ed.<\/p>\n<p>[\/vc_column_text][\/vc_column][\/vc_row]<\/p>\n","protected":false},"excerpt":{"rendered":"<p>[vc_row][vc_column][\/vc_column][\/vc_row][vc_row][vc_column][vc_column_text]Metodiku Sindelar vyvinula rak\u00faska klinick\u00e1 psychologi\u010dka a\u00a0psychoterapeutka\u00a0 Dr. Brigitte Sindelar.\u00a0Je ur\u010den\u00e1 na zachytenie a\u00a0n\u00e1pravu \u010diastkov\u00fdch v\u00fdvinov\u00fdch deficitov v\u00a0spracov\u00e1van\u00ed inform\u00e1ci\u00ed. Diagnostikou Sindelar sa zist\u00ed \u00farove\u0148 rozvoja jednotliv\u00fdch \u010diastkov\u00fdch funkci\u00ed. Na z\u00e1klade odch\u00fdlok vo v\u00fdvine zostav\u00edme individu\u00e1lny tr\u00e9ningov\u00fd pl\u00e1n. Stimul\u00e1ciou z\u00e1kladn\u00fdch funkci\u00ed vn\u00edmania a\u00a0spracov\u00e1vania inform\u00e1ci\u00ed jednotliv\u00fdch zmyslov\u00fdch oblast\u00ed ( zrakov\u00e1 a\u00a0sluchov\u00e1 pam\u00e4\u0165 a\u00a0rozli\u0161ovanie, zrakov\u00e1,\u00a0sluchov\u00e1 a\u00a0dotykov\u00e1 pozornos\u0165, vn\u00edmanie telesnej sch\u00e9my a\u00a0orient\u00e1cia v\u00a0priestore, prep\u00e1janie zrakov\u00fdch a\u00a0sluchov\u00fdch vnemov, dodr\u017eanie poradia a\u00a0\u010dasovej n\u00e1slednosti ) dok\u00e1\u017eeme prispie\u0165 k\u00a0spr\u00e1vnemu rozvoju re\u010di, pozornosti, jemnej a hrubej motoriky, pam\u00e4te, schopnosti pl\u00e1nova\u0165. Ak s\u00fa&hellip;<\/p>\n","protected":false},"author":1,"featured_media":0,"parent":32,"menu_order":0,"comment_status":"closed","ping_status":"closed","template":"","meta":[],"_links":{"self":[{"href":"http:\/\/www.dysaut.sk\/index.php\/wp-json\/wp\/v2\/pages\/1209"}],"collection":[{"href":"http:\/\/www.dysaut.sk\/index.php\/wp-json\/wp\/v2\/pages"}],"about":[{"href":"http:\/\/www.dysaut.sk\/index.php\/wp-json\/wp\/v2\/types\/page"}],"author":[{"embeddable":true,"href":"http:\/\/www.dysaut.sk\/index.php\/wp-json\/wp\/v2\/users\/1"}],"replies":[{"embeddable":true,"href":"http:\/\/www.dysaut.sk\/index.php\/wp-json\/wp\/v2\/comments?post=1209"}],"version-history":[{"count":2,"href":"http:\/\/www.dysaut.sk\/index.php\/wp-json\/wp\/v2\/pages\/1209\/revisions"}],"predecessor-version":[{"id":1362,"href":"http:\/\/www.dysaut.sk\/index.php\/wp-json\/wp\/v2\/pages\/1209\/revisions\/1362"}],"up":[{"embeddable":true,"href":"http:\/\/www.dysaut.sk\/index.php\/wp-json\/wp\/v2\/pages\/32"}],"wp:attachment":[{"href":"http:\/\/www.dysaut.sk\/index.php\/wp-json\/wp\/v2\/media?parent=1209"}],"curies":[{"name":"wp","href":"https:\/\/api.w.org\/{rel}","templated":true}]}}