{"id":1211,"date":"2021-01-17T20:00:05","date_gmt":"2021-01-17T19:00:05","guid":{"rendered":"http:\/\/www.dysaut.sk\/?page_id=1211"},"modified":"2021-03-26T10:44:32","modified_gmt":"2021-03-26T09:44:32","slug":"aktuality","status":"publish","type":"page","link":"http:\/\/www.dysaut.sk\/index.php\/aktuality\/","title":{"rendered":"Aktuality"},"content":{"rendered":"<p>[vc_row][vc_column][vc_column_text]Centrum je otvoren\u00e9&#8230;te\u0161\u00edm sa na V\u00e1s <span style=\"color: #ff0000;\">&#x2665;<\/span>[\/vc_column_text][\/vc_column][\/vc_row][vc_row][vc_column][vc_single_image image=&#8220;1344&#8243; img_size=&#8220;large&#8220;][\/vc_column][\/vc_row]<\/p>\n","protected":false},"excerpt":{"rendered":"<p>[vc_row][vc_column][vc_column_text]Centrum je otvoren\u00e9&#8230;te\u0161\u00edm sa na V\u00e1s &#x2665;[\/vc_column_text][\/vc_column][\/vc_row][vc_row][vc_column][vc_single_image image=&#8220;1344&#8243; img_size=&#8220;large&#8220;][\/vc_column][\/vc_row]<\/p>\n","protected":false},"author":1,"featured_media":0,"parent":0,"menu_order":0,"comment_status":"closed","ping_status":"closed","template":"","meta":[],"_links":{"self":[{"href":"http:\/\/www.dysaut.sk\/index.php\/wp-json\/wp\/v2\/pages\/1211"}],"collection":[{"href":"http:\/\/www.dysaut.sk\/index.php\/wp-json\/wp\/v2\/pages"}],"about":[{"href":"http:\/\/www.dysaut.sk\/index.php\/wp-json\/wp\/v2\/types\/page"}],"author":[{"embeddable":true,"href":"http:\/\/www.dysaut.sk\/index.php\/wp-json\/wp\/v2\/users\/1"}],"replies":[{"embeddable":true,"href":"http:\/\/www.dysaut.sk\/index.php\/wp-json\/wp\/v2\/comments?post=1211"}],"version-history":[{"count":7,"href":"http:\/\/www.dysaut.sk\/index.php\/wp-json\/wp\/v2\/pages\/1211\/revisions"}],"predecessor-version":[{"id":1402,"href":"http:\/\/www.dysaut.sk\/index.php\/wp-json\/wp\/v2\/pages\/1211\/revisions\/1402"}],"wp:attachment":[{"href":"http:\/\/www.dysaut.sk\/index.php\/wp-json\/wp\/v2\/media?parent=1211"}],"curies":[{"name":"wp","href":"https:\/\/api.w.org\/{rel}","templated":true}]}}