{"id":1217,"date":"2021-01-17T20:01:22","date_gmt":"2021-01-17T19:01:22","guid":{"rendered":"http:\/\/www.dysaut.sk\/?page_id=1217"},"modified":"2021-03-14T19:50:10","modified_gmt":"2021-03-14T18:50:10","slug":"cennik","status":"publish","type":"page","link":"http:\/\/www.dysaut.sk\/index.php\/cennik\/","title":{"rendered":"Cenn\u00edk"},"content":{"rendered":"<p>[vc_row][vc_column]<div id=\"sc_table_1637517265_wrap\" class=\"sc_table_wrap\"><div id=\"sc_table_1637517265\"\n\t\t\tclass=\"sc_table sc_table_default\" style=\"width:100%;\"><\/p>\n<table>\n<tbody>\n<tr>\n<td><strong>Slu\u017eba<\/strong><\/td>\n<td><strong>Cena\/\u010das ( orienta\u010dn\u00fd)<\/strong><\/td>\n<\/tr>\n<tr>\n<td>Vstupn\u00e1 konzult\u00e1cia<\/td>\n<td>20 \u20ac\/45 min<\/td>\n<\/tr>\n<tr>\n<td>Diagnostika + vypracovanie individu\u00e1lneho programu<\/td>\n<td>80\u20ac<\/td>\n<\/tr>\n<tr>\n<td>\u0160peci\u00e1lnopedagogick\u00e1 stimul\u00e1cia<\/td>\n<td>25\u20ac\/ 45 min<\/td>\n<\/tr>\n<tr>\n<td>\u0160peci\u00e1lnopedagogick\u00e9 poradenstvo<\/td>\n<td>30\u20ac \/60 min<\/td>\n<\/tr>\n<tr>\n<td>Konzulta\u010dn\u00e9 stretnutie s\u00a0tr\u00e9ningom<\/td>\n<td>20 \u20ac \/ 45 min<\/td>\n<\/tr>\n<tr>\n<td>Terapia v\u00a0snoezelen miestnosti<\/td>\n<td>25 \u20ac\/ 45 min<\/td>\n<\/tr>\n<\/tbody>\n<\/table>\n<p><\/div><\/div><!-- \/.sc_table_wrap -->[\/vc_column][\/vc_row]<\/p>\n","protected":false},"excerpt":{"rendered":"<p>[vc_row][vc_column][\/vc_column][\/vc_row]<\/p>\n","protected":false},"author":1,"featured_media":0,"parent":0,"menu_order":0,"comment_status":"closed","ping_status":"closed","template":"","meta":[],"_links":{"self":[{"href":"http:\/\/www.dysaut.sk\/index.php\/wp-json\/wp\/v2\/pages\/1217"}],"collection":[{"href":"http:\/\/www.dysaut.sk\/index.php\/wp-json\/wp\/v2\/pages"}],"about":[{"href":"http:\/\/www.dysaut.sk\/index.php\/wp-json\/wp\/v2\/types\/page"}],"author":[{"embeddable":true,"href":"http:\/\/www.dysaut.sk\/index.php\/wp-json\/wp\/v2\/users\/1"}],"replies":[{"embeddable":true,"href":"http:\/\/www.dysaut.sk\/index.php\/wp-json\/wp\/v2\/comments?post=1217"}],"version-history":[{"count":4,"href":"http:\/\/www.dysaut.sk\/index.php\/wp-json\/wp\/v2\/pages\/1217\/revisions"}],"predecessor-version":[{"id":1361,"href":"http:\/\/www.dysaut.sk\/index.php\/wp-json\/wp\/v2\/pages\/1217\/revisions\/1361"}],"wp:attachment":[{"href":"http:\/\/www.dysaut.sk\/index.php\/wp-json\/wp\/v2\/media?parent=1217"}],"curies":[{"name":"wp","href":"https:\/\/api.w.org\/{rel}","templated":true}]}}