{"id":1273,"date":"2021-02-27T17:28:18","date_gmt":"2021-02-27T16:28:18","guid":{"rendered":"http:\/\/www.dysaut.sk\/?page_id=1273"},"modified":"2021-04-06T13:00:11","modified_gmt":"2021-04-06T11:00:11","slug":"intervencie-pre-deti-s-poruchou-autistickeho-spektra-pas","status":"publish","type":"page","link":"http:\/\/www.dysaut.sk\/index.php\/sluzby\/intervencie-pre-deti-s-poruchou-autistickeho-spektra-pas\/","title":{"rendered":"Intervencie pre deti s poruchou autistick\u00e9ho spektra (PAS)"},"content":{"rendered":"<p>[vc_row full_width=&#8220;stretch_row&#8220; full_height=&#8220;yes&#8220; css=&#8220;.vc_custom_1614446748953{background-image: url(http:\/\/www.dysaut.sk\/wp-content\/uploads\/2021\/02\/PAS-scaled.jpg?id=1318) !important;background-position: center !important;background-repeat: no-repeat !important;background-size: cover !important;}&#8220;][vc_column width=&#8220;2\/3&#8243;][\/vc_column][vc_column width=&#8220;1\/3&#8243; css=&#8220;.vc_custom_1616694470088{background-color: #ededed !important;}&#8220;][vc_column_text]Vhodn\u00e1 intervencia pre deti s\u00a0autizmom je k\u013e\u00fa\u010dov\u00e1 pre ich rozvoj v\u00a0oblasti soci\u00e1lnych interakci\u00ed, \u00a0jazykov\u00fdch schopnost\u00ed a\u00a0intelektu. Ka\u017ed\u00e9 die\u0165a s\u00a0autizmom je jedine\u010dn\u00e9. Z\u00a0tohto d\u00f4vodu sa intervencia a\u00a0pr\u00edstup k\u00a0die\u0165a\u0165u prisp\u00f4sobuje jeho slab\u00fdm str\u00e1nkam a\u00a0z\u00e1rove\u0148 vyu\u017e\u00edva siln\u00e9 str\u00e1nky die\u0165a\u0165a, aby sa maximalizoval jeho vlastn\u00fd potenci\u00e1l.<\/p>\n<p>V\u00a0centre pracujeme v\u00a0<a href=\"http:\/\/www.dysaut.sk\/index.php\/sluzby\/metoda-snoezelen\/\">snoezelen<\/a> prostred\u00ed, vyu\u017e\u00edvame prvky <a href=\"http:\/\/www.dysaut.sk\/index.php\/sluzby\/senzoricka-integracia\/\">senzorickej integr\u00e1cie<\/a>, <a href=\"http:\/\/www.dysaut.sk\/index.php\/sluzby\/program-bilateralnej-integracie\/\">program bilater\u00e1lnej integr\u00e1cie<\/a>, <a href=\"http:\/\/www.dysaut.sk\/index.php\/sluzby\/sandplaying\/\">sandplaying<\/a> a<a href=\"http:\/\/www.dysaut.sk\/index.php\/sluzby\/handle-pristup-aktivity-1-a-2-stupna\/\"> handle aktivity<\/a>.<\/p>\n<p>Pri pr\u00e1ci s\u00a0die\u0165a\u0165om tie\u017e vyu\u017e\u00edvame \u0161trukt\u00farovan\u00e9 u\u010denie a\u00a0vizualiz\u00e1ciu, v\u017edy pod\u013ea jeho individu\u00e1lnych potrieb.[\/vc_column_text][\/vc_column][\/vc_row]<\/p>\n","protected":false},"excerpt":{"rendered":"<p>[vc_row full_width=&#8220;stretch_row&#8220; full_height=&#8220;yes&#8220; css=&#8220;.vc_custom_1614446748953{background-image: url(http:\/\/www.dysaut.sk\/wp-content\/uploads\/2021\/02\/PAS-scaled.jpg?id=1318) !important;background-position: center !important;background-repeat: no-repeat !important;background-size: cover !important;}&#8220;][vc_column width=&#8220;2\/3&#8243;][\/vc_column][vc_column width=&#8220;1\/3&#8243; css=&#8220;.vc_custom_1616694470088{background-color: #ededed !important;}&#8220;][vc_column_text]Vhodn\u00e1 intervencia pre deti s\u00a0autizmom je k\u013e\u00fa\u010dov\u00e1 pre ich rozvoj v\u00a0oblasti soci\u00e1lnych interakci\u00ed, \u00a0jazykov\u00fdch schopnost\u00ed a\u00a0intelektu. Ka\u017ed\u00e9 die\u0165a s\u00a0autizmom je jedine\u010dn\u00e9. Z\u00a0tohto d\u00f4vodu sa intervencia a\u00a0pr\u00edstup k\u00a0die\u0165a\u0165u prisp\u00f4sobuje jeho slab\u00fdm str\u00e1nkam a\u00a0z\u00e1rove\u0148 vyu\u017e\u00edva siln\u00e9 str\u00e1nky die\u0165a\u0165a, aby sa maximalizoval jeho vlastn\u00fd potenci\u00e1l. V\u00a0centre pracujeme v\u00a0snoezelen prostred\u00ed, vyu\u017e\u00edvame prvky senzorickej integr\u00e1cie, program bilater\u00e1lnej integr\u00e1cie, sandplaying a handle aktivity. Pri pr\u00e1ci s\u00a0die\u0165a\u0165om tie\u017e vyu\u017e\u00edvame \u0161trukt\u00farovan\u00e9 u\u010denie a\u00a0vizualiz\u00e1ciu, v\u017edy pod\u013ea&hellip;<\/p>\n","protected":false},"author":1,"featured_media":0,"parent":32,"menu_order":0,"comment_status":"closed","ping_status":"closed","template":"","meta":[],"_links":{"self":[{"href":"http:\/\/www.dysaut.sk\/index.php\/wp-json\/wp\/v2\/pages\/1273"}],"collection":[{"href":"http:\/\/www.dysaut.sk\/index.php\/wp-json\/wp\/v2\/pages"}],"about":[{"href":"http:\/\/www.dysaut.sk\/index.php\/wp-json\/wp\/v2\/types\/page"}],"author":[{"embeddable":true,"href":"http:\/\/www.dysaut.sk\/index.php\/wp-json\/wp\/v2\/users\/1"}],"replies":[{"embeddable":true,"href":"http:\/\/www.dysaut.sk\/index.php\/wp-json\/wp\/v2\/comments?post=1273"}],"version-history":[{"count":10,"href":"http:\/\/www.dysaut.sk\/index.php\/wp-json\/wp\/v2\/pages\/1273\/revisions"}],"predecessor-version":[{"id":1404,"href":"http:\/\/www.dysaut.sk\/index.php\/wp-json\/wp\/v2\/pages\/1273\/revisions\/1404"}],"up":[{"embeddable":true,"href":"http:\/\/www.dysaut.sk\/index.php\/wp-json\/wp\/v2\/pages\/32"}],"wp:attachment":[{"href":"http:\/\/www.dysaut.sk\/index.php\/wp-json\/wp\/v2\/media?parent=1273"}],"curies":[{"name":"wp","href":"https:\/\/api.w.org\/{rel}","templated":true}]}}