{"id":1276,"date":"2021-02-27T17:32:38","date_gmt":"2021-02-27T16:32:38","guid":{"rendered":"http:\/\/www.dysaut.sk\/?page_id=1276"},"modified":"2021-03-14T19:57:40","modified_gmt":"2021-03-14T18:57:40","slug":"korekcie-poruch-ucenia","status":"publish","type":"page","link":"http:\/\/www.dysaut.sk\/index.php\/sluzby\/korekcie-poruch-ucenia\/","title":{"rendered":"Korekcie por\u00fach u\u010denia"},"content":{"rendered":"<p>[vc_row full_width=&#8220;stretch_row_content&#8220; full_height=&#8220;yes&#8220; columns_placement=&#8220;top&#8220; content_placement=&#8220;top&#8220; css_animation=&#8220;none&#8220; css=&#8220;.vc_custom_1614444749009{background-image: url(http:\/\/www.dysaut.sk\/wp-content\/uploads\/2021\/02\/korekcie-poruch-ucenia-scaled.jpg?id=1277) !important;background-position: center !important;background-repeat: no-repeat !important;background-size: cover !important;}&#8220; el_class=&#8220;transparent_page_background&#8220;][vc_column width=&#8220;2\/3&#8243;][\/vc_column][vc_column width=&#8220;1\/3&#8243;][vc_separator]<div id=\"sc_title_1236826962\"\n\t\tclass=\"sc_title color_style_default sc_title_default\"><h3 class=\"sc_item_title sc_title_title sc_align_left sc_item_title_style_default\">Korekcie por\u00fach u\u010denia<\/h3><\/div><!-- \/.sc_title -->[vc_empty_space][vc_column_text css_animation=&#8220;none&#8220;]Schopnosti die\u0165a\u0165a prech\u00e1dzaj\u00fa ur\u010dit\u00fdm v\u00fdvojom: od dotykovej, sluchovej a\u00a0zrakovej pozornosti a\u017e po prep\u00e1janie zrakov\u00fdch, sluchov\u00fdch a\u00a0pohybov\u00fdch vnemov a\u00a0vn\u00edmanie \u010dasovej postupnosti. Ak nie s\u00fa z\u00e1kladn\u00e9 funkcie vn\u00edmania a\u00a0spracovania inform\u00e1ci\u00ed dostato\u010dne vyzret\u00e9, prejav\u00ed sa to ako probl\u00e9m pri\u00a0\u010d\u00edtan\u00ed, p\u00edsan\u00ed alebo\u00a0oslabenia in\u00fdch v\u00fdkonov, \u010do m\u00f4\u017ee vies\u0165 k\u00a0poruch\u00e1m u\u010denia, pozornosti a\u00a0spr\u00e1vania.<\/p>\n<p>Diagnostikou \u010diastkov\u00fdch funkci\u00ed zist\u00edme ich oslabenia a n\u00e1sledne s\u00a0nimi pracujeme. Pre korekcie por\u00fach u\u010denia je ve\u013emi d\u00f4le\u017eit\u00e1 spolupr\u00e1ca s\u00a0rodi\u010dmi a\u00a0ich pr\u00e1ca s\u00a0die\u0165a\u0165om v\u00a0dom\u00e1com prostred\u00ed\u00a0 (<a href=\"http:\/\/www.dysaut.sk\/index.php\/sluzby\/sindelar-metoda\/\">met\u00f3da Sindelar<\/a>, <a href=\"http:\/\/www.dysaut.sk\/index.php\/sluzby\/kuprev\/\">Kuprev<\/a>, <a href=\"http:\/\/www.dysaut.sk\/index.php\/sluzby\/kupoz\/\">Kupoz<\/a>,<a href=\"http:\/\/www.dysaut.sk\/index.php\/sluzby\/program-bilateralnej-integracie\/\"> program bilater\u00e1lnej integr\u00e1cie<\/a>).[\/vc_column_text][\/vc_column][\/vc_row]<\/p>\n","protected":false},"excerpt":{"rendered":"<p>[vc_row full_width=&#8220;stretch_row_content&#8220; full_height=&#8220;yes&#8220; columns_placement=&#8220;top&#8220; content_placement=&#8220;top&#8220; css_animation=&#8220;none&#8220; css=&#8220;.vc_custom_1614444749009{background-image: url(http:\/\/www.dysaut.sk\/wp-content\/uploads\/2021\/02\/korekcie-poruch-ucenia-scaled.jpg?id=1277) !important;background-position: center !important;background-repeat: no-repeat !important;background-size: cover !important;}&#8220; el_class=&#8220;transparent_page_background&#8220;][vc_column width=&#8220;2\/3&#8243;][\/vc_column][vc_column width=&#8220;1\/3&#8243;][vc_separator][vc_empty_space][vc_column_text css_animation=&#8220;none&#8220;]Schopnosti die\u0165a\u0165a prech\u00e1dzaj\u00fa ur\u010dit\u00fdm v\u00fdvojom: od dotykovej, sluchovej a\u00a0zrakovej pozornosti a\u017e po prep\u00e1janie zrakov\u00fdch, sluchov\u00fdch a\u00a0pohybov\u00fdch vnemov a\u00a0vn\u00edmanie \u010dasovej postupnosti. Ak nie s\u00fa z\u00e1kladn\u00e9 funkcie vn\u00edmania a\u00a0spracovania inform\u00e1ci\u00ed dostato\u010dne vyzret\u00e9, prejav\u00ed sa to ako probl\u00e9m pri\u00a0\u010d\u00edtan\u00ed, p\u00edsan\u00ed alebo\u00a0oslabenia in\u00fdch v\u00fdkonov, \u010do m\u00f4\u017ee vies\u0165 k\u00a0poruch\u00e1m u\u010denia, pozornosti a\u00a0spr\u00e1vania. Diagnostikou \u010diastkov\u00fdch funkci\u00ed zist\u00edme ich oslabenia a n\u00e1sledne s\u00a0nimi pracujeme. Pre korekcie por\u00fach u\u010denia je ve\u013emi d\u00f4le\u017eit\u00e1 spolupr\u00e1ca&hellip;<\/p>\n","protected":false},"author":1,"featured_media":0,"parent":32,"menu_order":0,"comment_status":"closed","ping_status":"closed","template":"","meta":[],"_links":{"self":[{"href":"http:\/\/www.dysaut.sk\/index.php\/wp-json\/wp\/v2\/pages\/1276"}],"collection":[{"href":"http:\/\/www.dysaut.sk\/index.php\/wp-json\/wp\/v2\/pages"}],"about":[{"href":"http:\/\/www.dysaut.sk\/index.php\/wp-json\/wp\/v2\/types\/page"}],"author":[{"embeddable":true,"href":"http:\/\/www.dysaut.sk\/index.php\/wp-json\/wp\/v2\/users\/1"}],"replies":[{"embeddable":true,"href":"http:\/\/www.dysaut.sk\/index.php\/wp-json\/wp\/v2\/comments?post=1276"}],"version-history":[{"count":20,"href":"http:\/\/www.dysaut.sk\/index.php\/wp-json\/wp\/v2\/pages\/1276\/revisions"}],"predecessor-version":[{"id":1354,"href":"http:\/\/www.dysaut.sk\/index.php\/wp-json\/wp\/v2\/pages\/1276\/revisions\/1354"}],"up":[{"embeddable":true,"href":"http:\/\/www.dysaut.sk\/index.php\/wp-json\/wp\/v2\/pages\/32"}],"wp:attachment":[{"href":"http:\/\/www.dysaut.sk\/index.php\/wp-json\/wp\/v2\/media?parent=1276"}],"curies":[{"name":"wp","href":"https:\/\/api.w.org\/{rel}","templated":true}]}}