{"id":1315,"date":"2021-02-27T18:18:11","date_gmt":"2021-02-27T17:18:11","guid":{"rendered":"http:\/\/www.dysaut.sk\/?page_id=1315"},"modified":"2021-03-15T17:30:18","modified_gmt":"2021-03-15T16:30:18","slug":"handle-pristup-aktivity-1-a-2-stupna","status":"publish","type":"page","link":"http:\/\/www.dysaut.sk\/index.php\/sluzby\/handle-pristup-aktivity-1-a-2-stupna\/","title":{"rendered":"Handle pr\u00edstup \u2013 aktivity 1. a\u00a02. stup\u0148a"},"content":{"rendered":"<p>[vc_row][vc_column width=&#8220;1\/2&#8243;][\/vc_column][vc_column width=&#8220;1\/2&#8243;]<div id=\"sc_title_134507008\"\n\t\tclass=\"sc_title color_style_default sc_title_default\"><h3 class=\"sc_item_title sc_title_title sc_align_left sc_item_title_style_default\">Handle pr\u00edstup \u2013 aktivity 1. a 2. stup\u0148a<\/h3><\/div><!-- \/.sc_title -->[vc_empty_space hide_on_mobile=&#8220;&#8220;][vc_column_text]Handle predstavuje holistick\u00fd pr\u00edstup k\u00a0neurov\u00fdvoju a\u00a0efektivite u\u010denia.<\/p>\n<p>Mozog dok\u00e1\u017ee neuverite\u013en\u00e9 veci. Funguje dobre, pokia\u013e dost\u00e1va kvalitn\u00e9 vstupn\u00e9 inform\u00e1cie a\u00a0podnety. Handle venuje pozornos\u0165 tomu, ako \u010dlovek prij\u00edma inform\u00e1cie z\u00a0prostredia, obzvl\u00e1\u0161\u0165 prostredn\u00edctvom hlavov\u00fdch nervov. Uplat\u0148uje princ\u00edp <strong>jemn\u00e9ho posil\u0148ovania. (<\/strong>HANDLE institut, 2007)<\/p>\n<p><em>Pre koho je Handle pr\u00edstup ur\u010den\u00fd:<\/em><\/p>\n<ul>\n<li>pre deti, ktor\u00e9 maj\u00fa probl\u00e9my s\u00a0u\u010den\u00edm<\/li>\n<li>pre deti, ktor\u00e9 maj\u00fa probl\u00e9my s pozornos\u0165ou<\/li>\n<li>pre deti, ktor\u00e9 maj\u00fa probl\u00e9my s\u00a0pam\u00e4\u0165ou<\/li>\n<li>pre deti, ktor\u00e9 maj\u00fa probl\u00e9my v\u00a0soci\u00e1lnej interakcii<\/li>\n<li>pre deti, ktor\u00e9 maj\u00fa probl\u00e9my s\u00a0koordin\u00e1ciou<\/li>\n<li>pre deti, ktor\u00e9 maj\u00fa probl\u00e9my so spr\u00e1van\u00edm<\/li>\n<\/ul>\n<p>[\/vc_column_text][\/vc_column][\/vc_row]<\/p>\n","protected":false},"excerpt":{"rendered":"<p>[vc_row][vc_column width=&#8220;1\/2&#8243;][\/vc_column][vc_column width=&#8220;1\/2&#8243;][vc_empty_space hide_on_mobile=&#8220;&#8220;][vc_column_text]Handle predstavuje holistick\u00fd pr\u00edstup k\u00a0neurov\u00fdvoju a\u00a0efektivite u\u010denia. Mozog dok\u00e1\u017ee neuverite\u013en\u00e9 veci. Funguje dobre, pokia\u013e dost\u00e1va kvalitn\u00e9 vstupn\u00e9 inform\u00e1cie a\u00a0podnety. Handle venuje pozornos\u0165 tomu, ako \u010dlovek prij\u00edma inform\u00e1cie z\u00a0prostredia, obzvl\u00e1\u0161\u0165 prostredn\u00edctvom hlavov\u00fdch nervov. Uplat\u0148uje princ\u00edp jemn\u00e9ho posil\u0148ovania. (HANDLE institut, 2007) Pre koho je Handle pr\u00edstup ur\u010den\u00fd: pre deti, ktor\u00e9 maj\u00fa probl\u00e9my s\u00a0u\u010den\u00edm pre deti, ktor\u00e9 maj\u00fa probl\u00e9my s pozornos\u0165ou pre deti, ktor\u00e9 maj\u00fa probl\u00e9my s\u00a0pam\u00e4\u0165ou pre deti, ktor\u00e9 maj\u00fa probl\u00e9my v\u00a0soci\u00e1lnej interakcii pre deti, ktor\u00e9 maj\u00fa probl\u00e9my s\u00a0koordin\u00e1ciou pre deti, ktor\u00e9&hellip;<\/p>\n","protected":false},"author":1,"featured_media":0,"parent":32,"menu_order":0,"comment_status":"closed","ping_status":"closed","template":"","meta":[],"_links":{"self":[{"href":"http:\/\/www.dysaut.sk\/index.php\/wp-json\/wp\/v2\/pages\/1315"}],"collection":[{"href":"http:\/\/www.dysaut.sk\/index.php\/wp-json\/wp\/v2\/pages"}],"about":[{"href":"http:\/\/www.dysaut.sk\/index.php\/wp-json\/wp\/v2\/types\/page"}],"author":[{"embeddable":true,"href":"http:\/\/www.dysaut.sk\/index.php\/wp-json\/wp\/v2\/users\/1"}],"replies":[{"embeddable":true,"href":"http:\/\/www.dysaut.sk\/index.php\/wp-json\/wp\/v2\/comments?post=1315"}],"version-history":[{"count":3,"href":"http:\/\/www.dysaut.sk\/index.php\/wp-json\/wp\/v2\/pages\/1315\/revisions"}],"predecessor-version":[{"id":1372,"href":"http:\/\/www.dysaut.sk\/index.php\/wp-json\/wp\/v2\/pages\/1315\/revisions\/1372"}],"up":[{"embeddable":true,"href":"http:\/\/www.dysaut.sk\/index.php\/wp-json\/wp\/v2\/pages\/32"}],"wp:attachment":[{"href":"http:\/\/www.dysaut.sk\/index.php\/wp-json\/wp\/v2\/media?parent=1315"}],"curies":[{"name":"wp","href":"https:\/\/api.w.org\/{rel}","templated":true}]}}