{"id":1363,"date":"2021-03-14T19:53:59","date_gmt":"2021-03-14T18:53:59","guid":{"rendered":"http:\/\/www.dysaut.sk\/?page_id=1363"},"modified":"2021-03-14T19:57:30","modified_gmt":"2021-03-14T18:57:30","slug":"senzoricka-integracia","status":"publish","type":"page","link":"http:\/\/www.dysaut.sk\/index.php\/sluzby\/senzoricka-integracia\/","title":{"rendered":"Senzorick\u00e1 integr\u00e1cia"},"content":{"rendered":"<p>[vc_row][vc_column][vc_column_text]Senzorick\u00e1 integr\u00e1cia je schopnos\u0165 mozgu sklada\u0165 zmyslov\u00e9 vstupy z\u00a0vlastn\u00e9ho tela a\u00a0prostredia do jedn\u00e9ho celku. Ak s\u00fa tieto funkcie mozgu vyv\u00e1\u017een\u00e9, u\u010denie je jednoduch\u00e9 a\u00a0die\u0165a m\u00e1 ,,dobr\u00e9\u201c spr\u00e1vanie .<\/p>\n<p>Poruchy senzorickej integr\u00e1cie sa prejavuj\u00fa v r\u00f4znych sf\u00e9rach fungovania die\u0165a\u0165a- najm\u00e4 v zmenenej \u00farovni pozornosti a schopnosti koncentr\u00e1cie, deficitmi v oblasti komunik\u00e1cie a re\u010di \u2013 oneskorenie re\u010di, \u0165a\u017ekosti s vyjadrovan\u00edm, deficitmi v spr\u00e1van\u00ed a soci\u00e1lnej interakcii, emo\u010dnej kontrole a\u00a0sebakontrole- napr\u00edklad impulzivita, probl\u00e9mami pri vzdel\u00e1van\u00ed.<\/p>\n<p>Pri pr\u00e1ci s\u00a0die\u0165a\u0165om sa vyu\u017e\u00edvaj\u00fa motorick\u00e9 aktivity, r\u00f4zne balan\u010dn\u00e9 pom\u00f4cky, predmety s\u00a0r\u00f4znymi text\u00farami, z\u00e1\u0165a\u017eov\u00e9 pom\u00f4cky a\u00a0in\u00e9.[\/vc_column_text][\/vc_column][\/vc_row]<\/p>\n","protected":false},"excerpt":{"rendered":"<p>[vc_row][vc_column][vc_column_text]Senzorick\u00e1 integr\u00e1cia je schopnos\u0165 mozgu sklada\u0165 zmyslov\u00e9 vstupy z\u00a0vlastn\u00e9ho tela a\u00a0prostredia do jedn\u00e9ho celku. Ak s\u00fa tieto funkcie mozgu vyv\u00e1\u017een\u00e9, u\u010denie je jednoduch\u00e9 a\u00a0die\u0165a m\u00e1 ,,dobr\u00e9\u201c spr\u00e1vanie . Poruchy senzorickej integr\u00e1cie sa prejavuj\u00fa v r\u00f4znych sf\u00e9rach fungovania die\u0165a\u0165a- najm\u00e4 v zmenenej \u00farovni pozornosti a schopnosti koncentr\u00e1cie, deficitmi v oblasti komunik\u00e1cie a re\u010di \u2013 oneskorenie re\u010di, \u0165a\u017ekosti s vyjadrovan\u00edm, deficitmi v spr\u00e1van\u00ed a soci\u00e1lnej interakcii, emo\u010dnej kontrole a\u00a0sebakontrole- napr\u00edklad impulzivita, probl\u00e9mami pri vzdel\u00e1van\u00ed. Pri pr\u00e1ci s\u00a0die\u0165a\u0165om sa vyu\u017e\u00edvaj\u00fa motorick\u00e9 aktivity, r\u00f4zne balan\u010dn\u00e9 pom\u00f4cky, predmety&hellip;<\/p>\n","protected":false},"author":1,"featured_media":0,"parent":32,"menu_order":0,"comment_status":"closed","ping_status":"closed","template":"","meta":[],"_links":{"self":[{"href":"http:\/\/www.dysaut.sk\/index.php\/wp-json\/wp\/v2\/pages\/1363"}],"collection":[{"href":"http:\/\/www.dysaut.sk\/index.php\/wp-json\/wp\/v2\/pages"}],"about":[{"href":"http:\/\/www.dysaut.sk\/index.php\/wp-json\/wp\/v2\/types\/page"}],"author":[{"embeddable":true,"href":"http:\/\/www.dysaut.sk\/index.php\/wp-json\/wp\/v2\/users\/1"}],"replies":[{"embeddable":true,"href":"http:\/\/www.dysaut.sk\/index.php\/wp-json\/wp\/v2\/comments?post=1363"}],"version-history":[{"count":2,"href":"http:\/\/www.dysaut.sk\/index.php\/wp-json\/wp\/v2\/pages\/1363\/revisions"}],"predecessor-version":[{"id":1377,"href":"http:\/\/www.dysaut.sk\/index.php\/wp-json\/wp\/v2\/pages\/1363\/revisions\/1377"}],"up":[{"embeddable":true,"href":"http:\/\/www.dysaut.sk\/index.php\/wp-json\/wp\/v2\/pages\/32"}],"wp:attachment":[{"href":"http:\/\/www.dysaut.sk\/index.php\/wp-json\/wp\/v2\/media?parent=1363"}],"curies":[{"name":"wp","href":"https:\/\/api.w.org\/{rel}","templated":true}]}}