{"id":2,"date":"2017-02-07T20:11:14","date_gmt":"2017-02-07T20:11:14","guid":{"rendered":"http:\/\/www.dysaut.sk\/?page_id=2"},"modified":"2021-03-24T20:28:24","modified_gmt":"2021-03-24T19:28:24","slug":"home-1","status":"publish","type":"page","link":"http:\/\/www.dysaut.sk\/","title":{"rendered":"DYSAUT"},"content":{"rendered":"<p>[vc_row full_width=&#8220;stretch_row_content_no_spaces&#8220;][vc_column][rev_slider_vc alias=&#8220;slider-6&#8243;][\/vc_column][\/vc_row][vc_row full_width=&#8220;stretch_row&#8220; css=&#8220;.vc_custom_1615138001141{background-position: center !important;background-repeat: no-repeat !important;background-size: cover !important;}&#8220; el_class=&#8220;sc_layouts_659 transparent_page_background&#8220;][vc_column width=&#8220;2\/3&#8243; icons_position=&#8220;left&#8220; offset=&#8220;vc_col-md-5 vc_col-sm-offset-0&#8243;][vc_single_image image=&#8220;1252&#8243; img_size=&#8220;full&#8220;][\/vc_column][vc_column width=&#8220;1\/3&#8243;]<div id=\"sc_title_542159716\"\n\t\tclass=\"sc_title color_style_default sc_title_default\"><h6 class=\"sc_item_subtitle sc_title_subtitle sc_align_left sc_item_title_style_default\">kto sme<\/h6><h3 class=\"sc_item_title sc_title_title sc_align_left sc_item_title_style_default\">Dysaut<\/h3><\/div><!-- \/.sc_title -->[vc_empty_space hide_on_mobile=&#8220;&#8220;][vc_column_text]\u0160peci\u00e1lnopedagogick\u00e9 centrum DYSAUT vzniklo v\u00a0roku 2020. Jeho\u00a0cie\u013eom je pom\u00e1ha\u0165 de\u0165om pred\u0161kolsk\u00e9ho a\u00a0\u0161kolsk\u00e9ho veku s r\u00f4znymi probl\u00e9mami <strong>v\u00a0oblasti u\u010denia, spr\u00e1vania a\u00a0komunik\u00e1cie.<\/strong> Centrum pon\u00faka <a href=\"http:\/\/www.dysaut.sk\/index.php\/sluzby\/komplexna-predskolska-priprava\/\"><strong>komplexn\u00fa pred\u0161kolsk\u00fa pr\u00edpravu<\/strong><\/a> pre deti v\u00a0pred\u0161kolsk\u00fdch zariadeniach, s\u00a0odlo\u017eenou \u0161kolskou doch\u00e1dzkou a v\u00a0pr\u00edpravn\u00fdch ro\u010dn\u00edkoch.<\/p>\n<p>Centrum pom\u00e1ha <strong>de\u0165om s\u00a0PAS<\/strong> <strong>a ich rodi\u010dom<\/strong> lep\u0161ie zvl\u00e1da\u0165 ka\u017edodenn\u00e9 situ\u00e1cie prostredn\u00edctvom pr\u00e1ce v <a href=\"http:\/\/www.dysaut.sk\/index.php\/sluzby\/metoda-snoezelen\/\">snoezelen<\/a> miestnosti, pom\u00e1ha s\u00a0vytvoren\u00edm \u0161trukt\u00farovan\u00e9ho prostredia alebo zara\u010fovan\u00edm prvkov ABA terapie s cie\u013eom lep\u0161ieho zvl\u00e1dnutia probl\u00e9mov\u00fdch situ\u00e1cii.<\/p>\n<p>Pre dosiahnutie pozit\u00edvnych v\u00fdsledkov je ve\u013emi d\u00f4le\u017eit\u00e1 spolupr\u00e1ca s rodi\u010dmi a ich akt\u00edvny pr\u00edstup. Centrum pon\u00faka rodi\u010dom poradenstvo s v\u00fdchovou a vzdel\u00e1van\u00edm ich det\u00ed.[\/vc_column_text][\/vc_column][\/vc_row]<\/p>\n","protected":false},"excerpt":{"rendered":"<p>[vc_row full_width=&#8220;stretch_row_content_no_spaces&#8220;][vc_column][rev_slider_vc alias=&#8220;slider-6&#8243;][\/vc_column][\/vc_row][vc_row full_width=&#8220;stretch_row&#8220; css=&#8220;.vc_custom_1615138001141{background-position: center !important;background-repeat: no-repeat !important;background-size: cover !important;}&#8220; el_class=&#8220;sc_layouts_659 transparent_page_background&#8220;][vc_column width=&#8220;2\/3&#8243; icons_position=&#8220;left&#8220; offset=&#8220;vc_col-md-5 vc_col-sm-offset-0&#8243;][vc_single_image image=&#8220;1252&#8243; img_size=&#8220;full&#8220;][\/vc_column][vc_column width=&#8220;1\/3&#8243;][vc_empty_space hide_on_mobile=&#8220;&#8220;][vc_column_text]\u0160peci\u00e1lnopedagogick\u00e9 centrum DYSAUT vzniklo v\u00a0roku 2020. Jeho\u00a0cie\u013eom je pom\u00e1ha\u0165 de\u0165om pred\u0161kolsk\u00e9ho a\u00a0\u0161kolsk\u00e9ho veku s r\u00f4znymi probl\u00e9mami v\u00a0oblasti u\u010denia, spr\u00e1vania a\u00a0komunik\u00e1cie. Centrum pon\u00faka komplexn\u00fa pred\u0161kolsk\u00fa pr\u00edpravu pre deti v\u00a0pred\u0161kolsk\u00fdch zariadeniach, s\u00a0odlo\u017eenou \u0161kolskou doch\u00e1dzkou a v\u00a0pr\u00edpravn\u00fdch ro\u010dn\u00edkoch. Centrum pom\u00e1ha de\u0165om s\u00a0PAS a ich rodi\u010dom lep\u0161ie zvl\u00e1da\u0165 ka\u017edodenn\u00e9 situ\u00e1cie prostredn\u00edctvom pr\u00e1ce v snoezelen miestnosti, pom\u00e1ha s\u00a0vytvoren\u00edm \u0161trukt\u00farovan\u00e9ho prostredia alebo zara\u010fovan\u00edm prvkov ABA terapie s cie\u013eom lep\u0161ieho&hellip;<\/p>\n","protected":false},"author":1,"featured_media":0,"parent":0,"menu_order":0,"comment_status":"closed","ping_status":"open","template":"","meta":[],"_links":{"self":[{"href":"http:\/\/www.dysaut.sk\/index.php\/wp-json\/wp\/v2\/pages\/2"}],"collection":[{"href":"http:\/\/www.dysaut.sk\/index.php\/wp-json\/wp\/v2\/pages"}],"about":[{"href":"http:\/\/www.dysaut.sk\/index.php\/wp-json\/wp\/v2\/types\/page"}],"author":[{"embeddable":true,"href":"http:\/\/www.dysaut.sk\/index.php\/wp-json\/wp\/v2\/users\/1"}],"replies":[{"embeddable":true,"href":"http:\/\/www.dysaut.sk\/index.php\/wp-json\/wp\/v2\/comments?post=2"}],"version-history":[{"count":14,"href":"http:\/\/www.dysaut.sk\/index.php\/wp-json\/wp\/v2\/pages\/2\/revisions"}],"predecessor-version":[{"id":1388,"href":"http:\/\/www.dysaut.sk\/index.php\/wp-json\/wp\/v2\/pages\/2\/revisions\/1388"}],"wp:attachment":[{"href":"http:\/\/www.dysaut.sk\/index.php\/wp-json\/wp\/v2\/media?parent=2"}],"curies":[{"name":"wp","href":"https:\/\/api.w.org\/{rel}","templated":true}]}}