{"id":32,"date":"2017-03-03T19:08:38","date_gmt":"2017-03-03T19:08:38","guid":{"rendered":"http:\/\/www.dysaut.sk\/?page_id=32"},"modified":"2021-06-18T10:39:47","modified_gmt":"2021-06-18T08:39:47","slug":"sluzby","status":"publish","type":"page","link":"http:\/\/www.dysaut.sk\/index.php\/sluzby\/","title":{"rendered":"Slu\u017eby"},"content":{"rendered":"<p>[vc_row full_width=&#8220;stretch_row&#8220; full_height=&#8220;yes&#8220; columns_placement=&#8220;top&#8220; css=&#8220;.vc_custom_1616695684068{background-image: url(http:\/\/www.dysaut.sk\/wp-content\/uploads\/2021\/02\/3.-tema-scaled.jpg?id=1331) !important;background-position: center !important;background-repeat: no-repeat !important;background-size: cover !important;}&#8220;][vc_column width=&#8220;1\/4&#8243;][\/vc_column][vc_column width=&#8220;1\/2&#8243;][vc_column_text]\n<!-- Page-list plugin v.5.2 wordpress.org\/plugins\/page-list\/ -->\n<ul class=\"page-list \">\n<li class=\"page_item page-item-1273\"><a href=\"http:\/\/www.dysaut.sk\/index.php\/sluzby\/intervencie-pre-deti-s-poruchou-autistickeho-spektra-pas\/\">Intervencie pre deti s poruchou autistick\u00e9ho spektra (PAS)<\/a><\/li>\n<li class=\"page_item page-item-1203\"><a href=\"http:\/\/www.dysaut.sk\/index.php\/sluzby\/intervencie-v-oblasti-matematiky\/\">Intervencie v oblasti matematiky<\/a><\/li>\n<li class=\"page_item page-item-1199\"><a href=\"http:\/\/www.dysaut.sk\/index.php\/sluzby\/komplexna-predskolska-priprava\/\">Komplexn\u00e1 pred\u0161kolsk\u00e1 pr\u00edprava<\/a><\/li>\n<li class=\"page_item page-item-1276\"><a href=\"http:\/\/www.dysaut.sk\/index.php\/sluzby\/korekcie-poruch-ucenia\/\">Korekcie por\u00fach u\u010denia<\/a><\/li>\n\n<\/ul>[\/vc_column_text][\/vc_column][vc_column width=&#8220;1\/4&#8243;][\/vc_column][\/vc_row]<\/p>\n","protected":false},"excerpt":{"rendered":"<p>[vc_row full_width=&#8220;stretch_row&#8220; full_height=&#8220;yes&#8220; columns_placement=&#8220;top&#8220; css=&#8220;.vc_custom_1616695684068{background-image: url(http:\/\/www.dysaut.sk\/wp-content\/uploads\/2021\/02\/3.-tema-scaled.jpg?id=1331) !important;background-position: center !important;background-repeat: no-repeat !important;background-size: cover !important;}&#8220;][vc_column width=&#8220;1\/4&#8243;][\/vc_column][vc_column width=&#8220;1\/2&#8243;][vc_column_text][\/vc_column_text][\/vc_column][vc_column width=&#8220;1\/4&#8243;][\/vc_column][\/vc_row]<\/p>\n","protected":false},"author":1,"featured_media":0,"parent":0,"menu_order":0,"comment_status":"closed","ping_status":"closed","template":"","meta":[],"_links":{"self":[{"href":"http:\/\/www.dysaut.sk\/index.php\/wp-json\/wp\/v2\/pages\/32"}],"collection":[{"href":"http:\/\/www.dysaut.sk\/index.php\/wp-json\/wp\/v2\/pages"}],"about":[{"href":"http:\/\/www.dysaut.sk\/index.php\/wp-json\/wp\/v2\/types\/page"}],"author":[{"embeddable":true,"href":"http:\/\/www.dysaut.sk\/index.php\/wp-json\/wp\/v2\/users\/1"}],"replies":[{"embeddable":true,"href":"http:\/\/www.dysaut.sk\/index.php\/wp-json\/wp\/v2\/comments?post=32"}],"version-history":[{"count":15,"href":"http:\/\/www.dysaut.sk\/index.php\/wp-json\/wp\/v2\/pages\/32\/revisions"}],"predecessor-version":[{"id":1413,"href":"http:\/\/www.dysaut.sk\/index.php\/wp-json\/wp\/v2\/pages\/32\/revisions\/1413"}],"wp:attachment":[{"href":"http:\/\/www.dysaut.sk\/index.php\/wp-json\/wp\/v2\/media?parent=32"}],"curies":[{"name":"wp","href":"https:\/\/api.w.org\/{rel}","templated":true}]}}